{"id":2776,"date":"2022-10-13T10:12:40","date_gmt":"2022-10-13T07:12:40","guid":{"rendered":"https:\/\/jennyaarrekangas.com\/tausta\/"},"modified":"2025-10-01T22:47:07","modified_gmt":"2025-10-01T19:47:07","slug":"tausta","status":"publish","type":"page","link":"https:\/\/jennyaarrekangas.com\/fi\/tausta\/","title":{"rendered":"Tausta"},"content":{"rendered":"\t\t<div data-elementor-type=\"wp-page\" data-elementor-id=\"2776\" class=\"elementor elementor-2776 elementor-1860\" data-elementor-post-type=\"page\">\n\t\t\t\t\t\t<section class=\"elementor-section elementor-top-section elementor-element elementor-element-1099addc elementor-section-height-min-height elementor-section-boxed elementor-section-height-default elementor-section-items-middle\" data-id=\"1099addc\" data-element_type=\"section\" data-e-type=\"section\" data-settings=\"{&quot;background_background&quot;:&quot;slideshow&quot;,&quot;background_slideshow_gallery&quot;:[{&quot;id&quot;:4780,&quot;url&quot;:&quot;https:\\\/\\\/jennyaarrekangas.com\\\/wp-content\\\/uploads\\\/2025\\\/09\\\/IMG_6320.jpg&quot;},{&quot;id&quot;:4777,&quot;url&quot;:&quot;https:\\\/\\\/jennyaarrekangas.com\\\/wp-content\\\/uploads\\\/2025\\\/09\\\/IMG_6574.jpg&quot;},{&quot;id&quot;:3361,&quot;url&quot;:&quot;https:\\\/\\\/jennyaarrekangas.com\\\/wp-content\\\/uploads\\\/2023\\\/08\\\/Seamstress-Jenny-Aarrekangas.jpg&quot;},{&quot;id&quot;:3577,&quot;url&quot;:&quot;https:\\\/\\\/jennyaarrekangas.com\\\/wp-content\\\/uploads\\\/2023\\\/08\\\/Jewellery-studio_Jenny-Aarrekangas.jpg&quot;}],&quot;background_slideshow_loop&quot;:&quot;yes&quot;,&quot;background_slideshow_slide_duration&quot;:5000,&quot;background_slideshow_slide_transition&quot;:&quot;fade&quot;,&quot;background_slideshow_transition_duration&quot;:500}\">\n\t\t\t\t\t\t<div class=\"elementor-container elementor-column-gap-default\">\n\t\t\t\t\t<div class=\"elementor-column elementor-col-100 elementor-top-column elementor-element elementor-element-604a1695\" data-id=\"604a1695\" data-element_type=\"column\" data-e-type=\"column\">\n\t\t\t<div class=\"elementor-widget-wrap elementor-element-populated\">\n\t\t\t\t\t\t<div class=\"elementor-element elementor-element-4b479bf elementor-widget elementor-widget-heading\" data-id=\"4b479bf\" data-element_type=\"widget\" data-e-type=\"widget\" data-widget_type=\"heading.default\">\n\t\t\t\t<div class=\"elementor-widget-container\">\n\t\t\t\t\t<h1 class=\"elementor-heading-title elementor-size-default\">Jenny Aarrekangas<\/h1>\t\t\t\t<\/div>\n\t\t\t\t<\/div>\n\t\t\t\t<div class=\"elementor-element elementor-element-3d0a020 elementor-widget elementor-widget-heading\" data-id=\"3d0a020\" data-element_type=\"widget\" data-e-type=\"widget\" data-widget_type=\"heading.default\">\n\t\t\t\t<div class=\"elementor-widget-container\">\n\t\t\t\t\t<h2 class=\"elementor-heading-title elementor-size-default\">Muotoilija ja ompelija<\/h2>\t\t\t\t<\/div>\n\t\t\t\t<\/div>\n\t\t\t\t\t<\/div>\n\t\t<\/div>\n\t\t\t\t\t<\/div>\n\t\t<\/section>\n\t\t\t\t<section class=\"elementor-section elementor-top-section elementor-element elementor-element-47b9181a elementor-section-full_width elementor-section-height-min-height elementor-section-height-default elementor-section-items-middle\" data-id=\"47b9181a\" data-element_type=\"section\" data-e-type=\"section\" data-settings=\"{&quot;background_background&quot;:&quot;classic&quot;}\">\n\t\t\t\t\t\t<div class=\"elementor-container elementor-column-gap-default\">\n\t\t\t\t\t<div class=\"elementor-column elementor-col-50 elementor-top-column elementor-element elementor-element-1a02372d\" data-id=\"1a02372d\" data-element_type=\"column\" data-e-type=\"column\">\n\t\t\t<div class=\"elementor-widget-wrap elementor-element-populated\">\n\t\t\t\t\t\t<section class=\"elementor-section elementor-inner-section elementor-element elementor-element-3df9624e elementor-section-full_width elementor-section-height-min-height elementor-section-height-default\" data-id=\"3df9624e\" data-element_type=\"section\" data-e-type=\"section\" data-settings=\"{&quot;background_background&quot;:&quot;classic&quot;}\">\n\t\t\t\t\t\t<div class=\"elementor-container elementor-column-gap-default\">\n\t\t\t\t\t<div class=\"elementor-column elementor-col-100 elementor-inner-column elementor-element elementor-element-6b2c6535\" data-id=\"6b2c6535\" data-element_type=\"column\" data-e-type=\"column\">\n\t\t\t<div class=\"elementor-widget-wrap\">\n\t\t\t\t\t\t\t<\/div>\n\t\t<\/div>\n\t\t\t\t\t<\/div>\n\t\t<\/section>\n\t\t\t\t\t<\/div>\n\t\t<\/div>\n\t\t\t\t<div class=\"elementor-column elementor-col-50 elementor-top-column elementor-element elementor-element-480c1bea\" data-id=\"480c1bea\" data-element_type=\"column\" data-e-type=\"column\">\n\t\t\t<div class=\"elementor-widget-wrap elementor-element-populated\">\n\t\t\t\t\t\t<div class=\"elementor-element elementor-element-64cd8a7f elementor-widget elementor-widget-heading\" data-id=\"64cd8a7f\" data-element_type=\"widget\" data-e-type=\"widget\" data-widget_type=\"heading.default\">\n\t\t\t\t<div class=\"elementor-widget-container\">\n\t\t\t\t\t<h2 class=\"elementor-heading-title elementor-size-default\">Jenny Aarrekangas<\/h2>\t\t\t\t<\/div>\n\t\t\t\t<\/div>\n\t\t\t\t<div class=\"elementor-element elementor-element-6245d422 elementor-widget elementor-widget-text-editor\" data-id=\"6245d422\" data-element_type=\"widget\" data-e-type=\"widget\" data-widget_type=\"text-editor.default\">\n\t\t\t\t<div class=\"elementor-widget-container\">\n\t\t\t\t\t\t\t\t\t<p>Rakastan luoda kauniita vaatteita ja koruja, joita voi k\u00e4ytt\u00e4\u00e4 uudestaan ja uudestaan! Jo lapsena lempiharrastukseni oli piirt\u00e4minen ja k\u00e4sity\u00f6t. Ja kaikki, mit\u00e4 valmistin, piti k\u00e4ytt\u00e4\u00e4. Ja silloin oli jo selv\u00e4\u00e4, ett\u00e4 minusta tulee vaatesuunnittelija.<\/p><p>Mutta ennen kuin l\u00e4hdin opiskelemaan muotoilua, ehdin kokeilla taide- ja estetiikkaopintoja. Ja my\u00f6s suorittaa klassisen hierojan tutkinnon. Nyky\u00e4\u00e4n n\u00e4en, kuinka kaikki n\u00e4m\u00e4 aiheet antavat syvemm\u00e4n ymm\u00e4rryksen vaatteiden suunnittelusta ja istuvuudesta.<\/p><p>T\u00e4rkein kysymys sovituksen aikana on: Milt\u00e4 se tuntuu? Eik\u00f6 suosikkivaatteesi ole se vaate, joka antaa parhaan olon? Vaate, joka antaa haluamasi tunteen kyseisess\u00e4 tilanteessa? <\/p><p>Kuva: Daniela Streng<\/p>\t\t\t\t\t\t\t\t<\/div>\n\t\t\t\t<\/div>\n\t\t\t\t\t<\/div>\n\t\t<\/div>\n\t\t\t\t\t<\/div>\n\t\t<\/section>\n\t\t\t\t<section class=\"elementor-section elementor-top-section elementor-element elementor-element-34dd7567 elementor-section-full_width elementor-section-height-min-height elementor-reverse-mobile elementor-section-height-default elementor-section-items-middle\" data-id=\"34dd7567\" data-element_type=\"section\" data-e-type=\"section\" data-settings=\"{&quot;background_background&quot;:&quot;classic&quot;}\">\n\t\t\t\t\t\t<div class=\"elementor-container elementor-column-gap-default\">\n\t\t\t\t\t<div class=\"elementor-column elementor-col-50 elementor-top-column elementor-element elementor-element-42617890\" data-id=\"42617890\" data-element_type=\"column\" data-e-type=\"column\">\n\t\t\t<div class=\"elementor-widget-wrap elementor-element-populated\">\n\t\t\t\t\t\t<div class=\"elementor-element elementor-element-254f47cd elementor-widget elementor-widget-heading\" data-id=\"254f47cd\" data-element_type=\"widget\" data-e-type=\"widget\" data-widget_type=\"heading.default\">\n\t\t\t\t<div class=\"elementor-widget-container\">\n\t\t\t\t\t<h2 class=\"elementor-heading-title elementor-size-default\">Suunnitteluprosessi<\/h2>\t\t\t\t<\/div>\n\t\t\t\t<\/div>\n\t\t\t\t<div class=\"elementor-element elementor-element-7d642d90 elementor-widget elementor-widget-text-editor\" data-id=\"7d642d90\" data-element_type=\"widget\" data-e-type=\"widget\" data-widget_type=\"text-editor.default\">\n\t\t\t\t<div class=\"elementor-widget-container\">\n\t\t\t\t\t\t\t\t\t<p>Kun teen r\u00e4\u00e4t\u00e4l\u00f6ityj\u00e4 vaatteita, panostan persoonalliseen tyyliin. Kokoelmissani ty\u00f6skentelen enemm\u00e4n klassisten leikkausten parissa, mutta valitsen mielell\u00e4ni pieni\u00e4 trendielementtej\u00e4, kuten v\u00e4rej\u00e4 ja yksityiskohtia. Koruni ja asusteeni ovat klassisia, mutta hieman boho tyyliset, niin ett\u00e4 helposti voi yhdist\u00e4\u00e4 vaatekaapin vaatteisiin tai t\u00e4ydent\u00e4\u00e4 uutta asua.<\/p><p>Perustin Studio Jenny Aarrekangas vuonna 2013, valmistuttuani muotoilijaksi, vaatealalla. Olen alusta asti erikoistunut naisten vaatteisiin, teen hyvin istuvat vaatteet erikoistilaisuuksiin. <\/p><p>Kuva: Daniela Streng<\/p>\t\t\t\t\t\t\t\t<\/div>\n\t\t\t\t<\/div>\n\t\t\t\t\t<\/div>\n\t\t<\/div>\n\t\t\t\t<div class=\"elementor-column elementor-col-50 elementor-top-column elementor-element elementor-element-440fba35\" data-id=\"440fba35\" data-element_type=\"column\" data-e-type=\"column\">\n\t\t\t<div class=\"elementor-widget-wrap elementor-element-populated\">\n\t\t\t\t\t\t<section class=\"elementor-section elementor-inner-section elementor-element elementor-element-cf5c7ac elementor-section-full_width elementor-section-height-min-height elementor-section-height-default\" data-id=\"cf5c7ac\" data-element_type=\"section\" data-e-type=\"section\" data-settings=\"{&quot;background_background&quot;:&quot;classic&quot;}\">\n\t\t\t\t\t\t<div class=\"elementor-container elementor-column-gap-default\">\n\t\t\t\t\t<div class=\"elementor-column elementor-col-100 elementor-inner-column elementor-element elementor-element-7d54f76\" data-id=\"7d54f76\" data-element_type=\"column\" data-e-type=\"column\">\n\t\t\t<div class=\"elementor-widget-wrap\">\n\t\t\t\t\t\t\t<\/div>\n\t\t<\/div>\n\t\t\t\t\t<\/div>\n\t\t<\/section>\n\t\t\t\t\t<\/div>\n\t\t<\/div>\n\t\t\t\t\t<\/div>\n\t\t<\/section>\n\t\t\t\t<section class=\"elementor-section elementor-top-section elementor-element elementor-element-2d0a600e elementor-section-boxed elementor-section-height-default elementor-section-height-default\" data-id=\"2d0a600e\" data-element_type=\"section\" data-e-type=\"section\" data-settings=\"{&quot;background_background&quot;:&quot;classic&quot;}\">\n\t\t\t\t\t\t<div class=\"elementor-container elementor-column-gap-default\">\n\t\t\t\t\t<div class=\"elementor-column elementor-col-100 elementor-top-column elementor-element elementor-element-15f6322d\" data-id=\"15f6322d\" data-element_type=\"column\" data-e-type=\"column\">\n\t\t\t<div class=\"elementor-widget-wrap elementor-element-populated\">\n\t\t\t\t\t\t<section class=\"elementor-section elementor-inner-section elementor-element elementor-element-49a4cc2f elementor-section-height-min-height elementor-section-content-middle elementor-section-boxed elementor-section-height-default\" data-id=\"49a4cc2f\" data-element_type=\"section\" data-e-type=\"section\" data-settings=\"{&quot;background_background&quot;:&quot;classic&quot;}\">\n\t\t\t\t\t\t<div class=\"elementor-container elementor-column-gap-default\">\n\t\t\t\t\t<div class=\"elementor-column elementor-col-50 elementor-inner-column elementor-element elementor-element-431ed121\" data-id=\"431ed121\" data-element_type=\"column\" data-e-type=\"column\" data-settings=\"{&quot;background_background&quot;:&quot;classic&quot;}\">\n\t\t\t<div class=\"elementor-widget-wrap elementor-element-populated\">\n\t\t\t\t\t\t<div class=\"elementor-element elementor-element-6994f75e elementor-widget elementor-widget-spacer\" data-id=\"6994f75e\" data-element_type=\"widget\" data-e-type=\"widget\" data-widget_type=\"spacer.default\">\n\t\t\t\t<div class=\"elementor-widget-container\">\n\t\t\t\t\t\t\t<div class=\"elementor-spacer\">\n\t\t\t<div class=\"elementor-spacer-inner\"><\/div>\n\t\t<\/div>\n\t\t\t\t\t\t<\/div>\n\t\t\t\t<\/div>\n\t\t\t\t\t<\/div>\n\t\t<\/div>\n\t\t\t\t<div class=\"elementor-column elementor-col-50 elementor-inner-column elementor-element elementor-element-53d8ec7b\" data-id=\"53d8ec7b\" data-element_type=\"column\" data-e-type=\"column\">\n\t\t\t<div class=\"elementor-widget-wrap elementor-element-populated\">\n\t\t\t\t\t\t<div class=\"elementor-element elementor-element-5c4048a elementor-widget elementor-widget-heading\" data-id=\"5c4048a\" data-element_type=\"widget\" data-e-type=\"widget\" data-widget_type=\"heading.default\">\n\t\t\t\t<div class=\"elementor-widget-container\">\n\t\t\t\t\t<h2 class=\"elementor-heading-title elementor-size-default\">Kest\u00e4vyys ja muoti<\/h2>\t\t\t\t<\/div>\n\t\t\t\t<\/div>\n\t\t\t\t<div class=\"elementor-element elementor-element-5b83e9d1 elementor-widget elementor-widget-text-editor\" data-id=\"5b83e9d1\" data-element_type=\"widget\" data-e-type=\"widget\" data-widget_type=\"text-editor.default\">\n\t\t\t\t<div class=\"elementor-widget-container\">\n\t\t\t\t\t\t\t\t\t<p>Ajatukseni kest\u00e4v\u00e4n kehityksen n\u00e4k\u00f6kulmasta ei ole tuottaa suuria m\u00e4\u00e4ri\u00e4 varastoon. Tuotetta on my\u00f6s k\u00e4ytett\u00e4v\u00e4. Tykk\u00e4\u00e4n valmistaa kest\u00e4vist\u00e4 materiaaleista, mutta viel\u00e4 t\u00e4rke\u00e4mp\u00e4\u00e4 minulle on, ett\u00e4 tuote t\u00e4ytt\u00e4\u00e4 teht\u00e4v\u00e4ns\u00e4 ja sit\u00e4 k\u00e4ytet\u00e4\u00e4n yh\u00e4 uudelleen. Tuotteeni verkkokaupassa valmistetaan tilauksesta, kysynn\u00e4n mukaan.<\/p><p>Varastossani olevat mallimekot ovat vuokrattavissa sek\u00e4 juhliin ett\u00e4 kuvauksiin. Mekot ovat siis k\u00e4yt\u00f6ss\u00e4 useammin kuin tavallinen juhlamekko. Ne ovat mekkoja, jotka on suunniteltu erilaisiin muotin\u00e4yt\u00f6ksiin, valokuvauksiin ja erilaisiin luoviin projekteihin. Ota yhteytt\u00e4 niin kerron lis\u00e4\u00e4! <\/p><p><span style=\"font-style: inherit; font-weight: inherit; color: var( --e-global-color-text ); font-family: var( --e-global-typography-text-font-family ), Sans-serif; background-color: var( --e-global-color-primary );\">Kuva: Daniela Streng<\/span><\/p>\t\t\t\t\t\t\t\t<\/div>\n\t\t\t\t<\/div>\n\t\t\t\t\t<\/div>\n\t\t<\/div>\n\t\t\t\t\t<\/div>\n\t\t<\/section>\n\t\t\t\t\t<\/div>\n\t\t<\/div>\n\t\t\t\t\t<\/div>\n\t\t<\/section>\n\t\t\t\t<\/div>\n\t\t","protected":false},"excerpt":{"rendered":"<p>Jenny Aarrekangas Muotoilija ja ompelija Jenny Aarrekangas Rakastan luoda kauniita vaatteita ja koruja, joita voi k\u00e4ytt\u00e4\u00e4 uudestaan ja uudestaan! Jo lapsena lempiharrastukseni oli piirt\u00e4minen ja k\u00e4sity\u00f6t. Ja kaikki, mit\u00e4 valmistin, piti k\u00e4ytt\u00e4\u00e4. Ja silloin oli jo selv\u00e4\u00e4, ett\u00e4 minusta tulee vaatesuunnittelija. Mutta ennen kuin l\u00e4hdin opiskelemaan muotoilua, ehdin kokeilla taide- ja estetiikkaopintoja. Ja my\u00f6s suorittaa [&hellip;]<\/p>\n","protected":false},"author":47755390,"featured_media":0,"parent":0,"menu_order":0,"comment_status":"closed","ping_status":"closed","template":"","meta":{"site-sidebar-layout":"no-sidebar","site-content-layout":"page-builder","ast-site-content-layout":"","site-content-style":"default","site-sidebar-style":"default","ast-global-header-display":"","ast-banner-title-visibility":"","ast-main-header-display":"","ast-hfb-above-header-display":"","ast-hfb-below-header-display":"","ast-hfb-mobile-header-display":"","site-post-title":"disabled","ast-breadcrumbs-content":"","ast-featured-img":"disabled","footer-sml-layout":"","theme-transparent-header-meta":"","adv-header-id-meta":"","stick-header-meta":"","header-above-stick-meta":"","header-main-stick-meta":"","header-below-stick-meta":"","astra-migrate-meta-layouts":"default","ast-page-background-enabled":"default","ast-page-background-meta":{"desktop":{"background-color":"var(--ast-global-color-4)","background-image":"","background-repeat":"repeat","background-position":"center center","background-size":"auto","background-attachment":"scroll","background-type":"","background-media":"","overlay-type":"","overlay-color":"","overlay-gradient":""},"tablet":{"background-color":"","background-image":"","background-repeat":"repeat","background-position":"center center","background-size":"auto","background-attachment":"scroll","background-type":"","background-media":"","overlay-type":"","overlay-color":"","overlay-gradient":""},"mobile":{"background-color":"","background-image":"","background-repeat":"repeat","background-position":"center center","background-size":"auto","background-attachment":"scroll","background-type":"","background-media":"","overlay-type":"","overlay-color":"","overlay-gradient":""}},"ast-content-background-meta":{"desktop":{"background-color":"var(--ast-global-color-5)","background-image":"","background-repeat":"repeat","background-position":"center center","background-size":"auto","background-attachment":"scroll","background-type":"","background-media":"","overlay-type":"","overlay-color":"","overlay-gradient":""},"tablet":{"background-color":"var(--ast-global-color-5)","background-image":"","background-repeat":"repeat","background-position":"center center","background-size":"auto","background-attachment":"scroll","background-type":"","background-media":"","overlay-type":"","overlay-color":"","overlay-gradient":""},"mobile":{"background-color":"var(--ast-global-color-5)","background-image":"","background-repeat":"repeat","background-position":"center center","background-size":"auto","background-attachment":"scroll","background-type":"","background-media":"","overlay-type":"","overlay-color":"","overlay-gradient":""}},"footnotes":""},"class_list":["post-2776","page","type-page","status-publish","hentry"],"yoast_head":"<!-- This site is optimized with the Yoast SEO plugin v27.4 - https:\/\/yoast.com\/product\/yoast-seo-wordpress\/ -->\n<title>Tausta &#8226; STUDIO JENNY AARREKANGAS<\/title>\n<meta name=\"description\" content=\"Tausta: muotoilija ja ompelija Jenny Aarrekangas.\" \/>\n<meta name=\"robots\" content=\"index, follow, max-snippet:-1, max-image-preview:large, max-video-preview:-1\" \/>\n<link rel=\"canonical\" href=\"https:\/\/jennyaarrekangas.com\/fi\/tausta\/\" \/>\n<meta property=\"og:locale\" content=\"fi_FI\" \/>\n<meta property=\"og:type\" content=\"article\" \/>\n<meta property=\"og:title\" content=\"Tausta &#8226; STUDIO JENNY AARREKANGAS\" \/>\n<meta property=\"og:description\" content=\"Tausta: muotoilija ja ompelija Jenny Aarrekangas.\" \/>\n<meta property=\"og:url\" content=\"https:\/\/jennyaarrekangas.com\/fi\/tausta\/\" \/>\n<meta property=\"og:site_name\" content=\"STUDIO JENNY AARREKANGAS\" \/>\n<meta property=\"article:publisher\" content=\"https:\/\/www.facebook.com\/jennyaarrekangas\/\" \/>\n<meta property=\"article:modified_time\" content=\"2025-10-01T19:47:07+00:00\" \/>\n<meta name=\"twitter:card\" content=\"summary_large_image\" \/>\n<meta name=\"twitter:label1\" content=\"Arvioitu lukuaika\" \/>\n\t<meta name=\"twitter:data1\" content=\"1 minuutti\" \/>\n<script type=\"application\/ld+json\" class=\"yoast-schema-graph\">{\"@context\":\"https:\\\/\\\/schema.org\",\"@graph\":[{\"@type\":\"WebPage\",\"@id\":\"https:\\\/\\\/jennyaarrekangas.com\\\/fi\\\/tausta\\\/\",\"url\":\"https:\\\/\\\/jennyaarrekangas.com\\\/fi\\\/tausta\\\/\",\"name\":\"Tausta &#8226; STUDIO JENNY AARREKANGAS\",\"isPartOf\":{\"@id\":\"https:\\\/\\\/jennyaarrekangas.com\\\/#website\"},\"datePublished\":\"2022-10-13T07:12:40+00:00\",\"dateModified\":\"2025-10-01T19:47:07+00:00\",\"description\":\"Tausta: muotoilija ja ompelija Jenny Aarrekangas.\",\"breadcrumb\":{\"@id\":\"https:\\\/\\\/jennyaarrekangas.com\\\/fi\\\/tausta\\\/#breadcrumb\"},\"inLanguage\":\"fi\",\"potentialAction\":[{\"@type\":\"ReadAction\",\"target\":[\"https:\\\/\\\/jennyaarrekangas.com\\\/fi\\\/tausta\\\/\"]}]},{\"@type\":\"BreadcrumbList\",\"@id\":\"https:\\\/\\\/jennyaarrekangas.com\\\/fi\\\/tausta\\\/#breadcrumb\",\"itemListElement\":[{\"@type\":\"ListItem\",\"position\":1,\"name\":\"Home\",\"item\":\"https:\\\/\\\/jennyaarrekangas.com\\\/\"},{\"@type\":\"ListItem\",\"position\":2,\"name\":\"Tausta\"}]},{\"@type\":\"WebSite\",\"@id\":\"https:\\\/\\\/jennyaarrekangas.com\\\/#website\",\"url\":\"https:\\\/\\\/jennyaarrekangas.com\\\/\",\"name\":\"STUDIO JENNY AARREKANGAS\",\"description\":\"Est. 2013 as J. Elenius - Design &amp; Clothing\",\"potentialAction\":[{\"@type\":\"SearchAction\",\"target\":{\"@type\":\"EntryPoint\",\"urlTemplate\":\"https:\\\/\\\/jennyaarrekangas.com\\\/?s={search_term_string}\"},\"query-input\":{\"@type\":\"PropertyValueSpecification\",\"valueRequired\":true,\"valueName\":\"search_term_string\"}}],\"inLanguage\":\"fi\"}]}<\/script>\n<!-- \/ Yoast SEO plugin. -->","yoast_head_json":{"title":"Tausta &#8226; STUDIO JENNY AARREKANGAS","description":"Tausta: muotoilija ja ompelija Jenny Aarrekangas.","robots":{"index":"index","follow":"follow","max-snippet":"max-snippet:-1","max-image-preview":"max-image-preview:large","max-video-preview":"max-video-preview:-1"},"canonical":"https:\/\/jennyaarrekangas.com\/fi\/tausta\/","og_locale":"fi_FI","og_type":"article","og_title":"Tausta &#8226; STUDIO JENNY AARREKANGAS","og_description":"Tausta: muotoilija ja ompelija Jenny Aarrekangas.","og_url":"https:\/\/jennyaarrekangas.com\/fi\/tausta\/","og_site_name":"STUDIO JENNY AARREKANGAS","article_publisher":"https:\/\/www.facebook.com\/jennyaarrekangas\/","article_modified_time":"2025-10-01T19:47:07+00:00","twitter_card":"summary_large_image","twitter_misc":{"Arvioitu lukuaika":"1 minuutti"},"schema":{"@context":"https:\/\/schema.org","@graph":[{"@type":"WebPage","@id":"https:\/\/jennyaarrekangas.com\/fi\/tausta\/","url":"https:\/\/jennyaarrekangas.com\/fi\/tausta\/","name":"Tausta &#8226; STUDIO JENNY AARREKANGAS","isPartOf":{"@id":"https:\/\/jennyaarrekangas.com\/#website"},"datePublished":"2022-10-13T07:12:40+00:00","dateModified":"2025-10-01T19:47:07+00:00","description":"Tausta: muotoilija ja ompelija Jenny Aarrekangas.","breadcrumb":{"@id":"https:\/\/jennyaarrekangas.com\/fi\/tausta\/#breadcrumb"},"inLanguage":"fi","potentialAction":[{"@type":"ReadAction","target":["https:\/\/jennyaarrekangas.com\/fi\/tausta\/"]}]},{"@type":"BreadcrumbList","@id":"https:\/\/jennyaarrekangas.com\/fi\/tausta\/#breadcrumb","itemListElement":[{"@type":"ListItem","position":1,"name":"Home","item":"https:\/\/jennyaarrekangas.com\/"},{"@type":"ListItem","position":2,"name":"Tausta"}]},{"@type":"WebSite","@id":"https:\/\/jennyaarrekangas.com\/#website","url":"https:\/\/jennyaarrekangas.com\/","name":"STUDIO JENNY AARREKANGAS","description":"Est. 2013 as J. Elenius - Design &amp; Clothing","potentialAction":[{"@type":"SearchAction","target":{"@type":"EntryPoint","urlTemplate":"https:\/\/jennyaarrekangas.com\/?s={search_term_string}"},"query-input":{"@type":"PropertyValueSpecification","valueRequired":true,"valueName":"search_term_string"}}],"inLanguage":"fi"}]}},"jetpack_likes_enabled":true,"jetpack_sharing_enabled":true,"jetpack_shortlink":"https:\/\/wp.me\/P3jVTd-IM","_links":{"self":[{"href":"https:\/\/jennyaarrekangas.com\/fi\/wp-json\/wp\/v2\/pages\/2776","targetHints":{"allow":["GET"]}}],"collection":[{"href":"https:\/\/jennyaarrekangas.com\/fi\/wp-json\/wp\/v2\/pages"}],"about":[{"href":"https:\/\/jennyaarrekangas.com\/fi\/wp-json\/wp\/v2\/types\/page"}],"author":[{"embeddable":true,"href":"https:\/\/jennyaarrekangas.com\/fi\/wp-json\/wp\/v2\/users\/47755390"}],"replies":[{"embeddable":true,"href":"https:\/\/jennyaarrekangas.com\/fi\/wp-json\/wp\/v2\/comments?post=2776"}],"version-history":[{"count":16,"href":"https:\/\/jennyaarrekangas.com\/fi\/wp-json\/wp\/v2\/pages\/2776\/revisions"}],"predecessor-version":[{"id":5076,"href":"https:\/\/jennyaarrekangas.com\/fi\/wp-json\/wp\/v2\/pages\/2776\/revisions\/5076"}],"wp:attachment":[{"href":"https:\/\/jennyaarrekangas.com\/fi\/wp-json\/wp\/v2\/media?parent=2776"}],"curies":[{"name":"wp","href":"https:\/\/api.w.org\/{rel}","templated":true}]}}